{"id":139,"date":"2024-03-06T22:09:30","date_gmt":"2024-03-06T22:09:30","guid":{"rendered":"https:\/\/iberspeech.tech\/?page_id=139"},"modified":"2026-02-26T21:26:15","modified_gmt":"2026-02-26T21:26:15","slug":"committees","status":"publish","type":"page","link":"https:\/\/iberspeech.tech\/2026\/committees\/","title":{"rendered":"COMMITTEES"},"content":{"rendered":"<p>[et_pb_section fb_built=&#8221;1&#8243; custom_padding_last_edited=&#8221;off|desktop&#8221; admin_label=&#8221;Hero&#8221; _builder_version=&#8221;4.24.2&#8243; background_enable_color=&#8221;off&#8221; custom_margin=&#8221;|||&#8221; custom_padding=&#8221;50px||0px|||&#8221; custom_padding_tablet=&#8221;130px||130px|&#8221; global_colors_info=&#8221;{}&#8221;][et_pb_row column_structure=&#8221;1_2,1_2&#8243; _builder_version=&#8221;4.27.4&#8243; _module_preset=&#8221;default&#8221; width=&#8221;100%&#8221; max_width=&#8221;1280px&#8221; custom_padding=&#8221;|15px||15px|false|false&#8221; global_colors_info=&#8221;{}&#8221;][et_pb_column type=&#8221;1_2&#8243; _builder_version=&#8221;4.24.2&#8243; _module_preset=&#8221;default&#8221; global_colors_info=&#8221;{}&#8221;][et_pb_text _builder_version=&#8221;4.24.2&#8243; _module_preset=&#8221;default&#8221; header_font=&#8221;|||on|||||&#8221; custom_margin=&#8221;||-1px|||&#8221; global_colors_info=&#8221;{}&#8221;]<\/p>\n<h1>Committees<\/h1>\n<p>[\/et_pb_text][et_pb_divider divider_weight=&#8221;3px&#8221; _builder_version=&#8221;4.24.2&#8243; _module_preset=&#8221;default&#8221; width=&#8221;25%&#8221; module_alignment=&#8221;left&#8221; global_colors_info=&#8221;{}&#8221;][\/et_pb_divider][et_pb_toggle title=&#8221;General Chair&#8221; open=&#8221;on&#8221; toggle_icon=&#8221;&#x43;||divi||400&#8243; _builder_version=&#8221;4.27.4&#8243; _module_preset=&#8221;default&#8221; title_level=&#8221;h2&#8243; title_font=&#8221;|||on|||||&#8221; body_font_size=&#8221;15px&#8221; global_colors_info=&#8221;{}&#8221;]<\/p>\n<p>&nbsp;<\/p>\n<table border=\"0\" style=\"width: 100%; border-collapse: collapse;\">\n<tbody>\n<tr>\n<td style=\"width: 15%;\"><img loading=\"lazy\" decoding=\"async\" src=\"https:\/\/iberspeech.tech\/2026\/wp-content\/uploads\/2025\/12\/JMP-300x300.png\" width=\"300\" height=\"300\" alt=\"\" class=\"wp-image-1476 alignnone size-medium\" \/><\/td>\n<td style=\"width: 50%;\">Jos\u00e9 Manuel Pardo Mu\u00f1oz<br \/>Universidad Polit\u00e9cnica de Madrid, Spain<\/td>\n<\/tr>\n<\/tbody>\n<\/table>\n<p>&nbsp;<\/p>\n<p>[\/et_pb_toggle][et_pb_toggle title=&#8221;TECHNICAL PROGRAM CHAIR&#8221; open=&#8221;on&#8221; toggle_icon=&#8221;&#x43;||divi||400&#8243; _builder_version=&#8221;4.27.4&#8243; _module_preset=&#8221;default&#8221; title_level=&#8221;h2&#8243; title_font=&#8221;|||on|||||&#8221; body_font_size=&#8221;15px&#8221; custom_margin=&#8221;||30px|||&#8221; locked=&#8221;off&#8221; global_colors_info=&#8221;{}&#8221;]<\/p>\n<p>&nbsp;<\/p>\n<table border=\"0\" style=\"width: 100%; border-collapse: collapse;\">\n<tbody>\n<tr>\n<td style=\"width: 126.375px;\"><img loading=\"lazy\" decoding=\"async\" src=\"https:\/\/iberspeech.tech\/2026\/wp-content\/uploads\/2025\/12\/inma.png\" width=\"218\" height=\"220\" alt=\"\" class=\"wp-image-1477 alignnone size-full\" srcset=\"https:\/\/iberspeech.tech\/2026\/wp-content\/uploads\/2025\/12\/inma.png 218w, https:\/\/iberspeech.tech\/2026\/wp-content\/uploads\/2025\/12\/inma-150x150.png 150w\" sizes=\"(max-width: 218px) 100vw, 218px\" \/><\/td>\n<td style=\"width: 421.265625px;\">Inma Hern\u00e1ez Rioja<br \/>Universidad del Pa\u00eds Vasco, Spain<\/td>\n<\/tr>\n<\/tbody>\n<\/table>\n<p>&nbsp;<\/p>\n<p>[\/et_pb_toggle][et_pb_toggle title=&#8221;CHALLENGES CHAIR&#8221; open=&#8221;on&#8221; toggle_icon=&#8221;&#x43;||divi||400&#8243; _builder_version=&#8221;4.27.4&#8243; _module_preset=&#8221;default&#8221; title_level=&#8221;h2&#8243; title_font=&#8221;|||on|||||&#8221; body_font_size=&#8221;15px&#8221; custom_margin=&#8221;||30px|||&#8221; locked=&#8221;off&#8221; global_colors_info=&#8221;{}&#8221;]<\/p>\n<p>&nbsp;<\/p>\n<table border=\"0\" style=\"width: 100%; border-collapse: collapse;\">\n<tbody>\n<tr>\n<td style=\"width: 126.375px;\"><img loading=\"lazy\" decoding=\"async\" src=\"https:\/\/iberspeech.tech\/2026\/wp-content\/uploads\/2025\/12\/eduardo_lleida-150x150.jpg\" width=\"150\" height=\"150\" alt=\"\" class=\"wp-image-1467 alignnone size-thumbnail\" \/><\/td>\n<td style=\"width: 421.265625px;\">Eduardo Lleida Solano<br \/>Universidad de Zaragoza, Spain<\/td>\n<\/tr>\n<\/tbody>\n<\/table>\n<p>&nbsp;<\/p>\n<p>[\/et_pb_toggle][et_pb_toggle title=&#8221;SPECIAL SESSIONS CHAIR&#8221; open=&#8221;on&#8221; toggle_icon=&#8221;&#x43;||divi||400&#8243; _builder_version=&#8221;4.27.4&#8243; _module_preset=&#8221;default&#8221; title_level=&#8221;h2&#8243; title_font=&#8221;|||on|||||&#8221; body_font_size=&#8221;15px&#8221; custom_margin=&#8221;||30px|||&#8221; locked=&#8221;off&#8221; global_colors_info=&#8221;{}&#8221;]<\/p>\n<p>&nbsp;<\/p>\n<table border=\"0\" style=\"width: 100%; border-collapse: collapse;\">\n<tbody>\n<tr>\n<td style=\"width: 126.375px;\"><img loading=\"lazy\" decoding=\"async\" src=\"https:\/\/iberspeech.tech\/2026\/wp-content\/uploads\/2026\/02\/dayana-150x150.jpeg\" width=\"150\" height=\"150\" alt=\"\" class=\"wp-image-1565 alignnone size-thumbnail\" srcset=\"https:\/\/iberspeech.tech\/2026\/wp-content\/uploads\/2026\/02\/dayana-150x150.jpeg 150w, https:\/\/iberspeech.tech\/2026\/wp-content\/uploads\/2026\/02\/dayana.jpeg 200w\" sizes=\"(max-width: 150px) 100vw, 150px\" \/><\/td>\n<td style=\"width: 421.265625px;\">Dayana Ribas<br \/>SONOC, <span>Lead Scientist at <\/span>BTS Group, Zaragoza, Spain<\/td>\n<\/tr>\n<\/tbody>\n<\/table>\n<p>&nbsp;<\/p>\n<p>[\/et_pb_toggle][\/et_pb_column][et_pb_column type=&#8221;1_2&#8243; _builder_version=&#8221;4.27.4&#8243; _module_preset=&#8221;default&#8221; global_colors_info=&#8221;{}&#8221;][et_pb_text _builder_version=&#8221;4.27.4&#8243; _module_preset=&#8221;default&#8221; global_colors_info=&#8221;{}&#8221;]<\/p>\n<h1><span style=\"color: #edf000;\"><strong>GOLD SPONSOR<\/strong><\/span><\/h1>\n<p>[\/et_pb_text][et_pb_image src=&#8221;https:\/\/iberspeech.tech\/2026\/wp-content\/uploads\/2025\/11\/gold-free-low-3.png&#8221; title_text=&#8221;gold-free-low&#8221; _builder_version=&#8221;4.27.4&#8243; _module_preset=&#8221;default&#8221; global_colors_info=&#8221;{}&#8221;][\/et_pb_image][\/et_pb_column][\/et_pb_row][\/et_pb_section][et_pb_section fb_built=&#8221;1&#8243; _builder_version=&#8221;4.16&#8243; _module_preset=&#8221;%22default%22&#8243; custom_padding=&#8221;%220px||2px|||%22&#8243; global_colors_info=&#8221;%22{}%22&#8243;][et_pb_row _builder_version=&#8221;4.24.2&#8243; _module_preset=&#8221;default&#8221; width=&#8221;100%&#8221; max_width=&#8221;1280px&#8221; global_colors_info=&#8221;{}&#8221;][et_pb_column type=&#8221;4_4&#8243; _builder_version=&#8221;4.24.2&#8243; _module_preset=&#8221;default&#8221; global_colors_info=&#8221;{}&#8221;][et_pb_toggle title=&#8221;TECHNICAL PROGRAM Committee&#8221; open=&#8221;on&#8221; toggle_icon=&#8221;&#x43;||divi||400&#8243; _builder_version=&#8221;4.24.2&#8243; _module_preset=&#8221;default&#8221; title_level=&#8221;h2&#8243; title_font=&#8221;|||on|||||&#8221; body_font_size=&#8221;15px&#8221; custom_margin=&#8221;||30px|||&#8221; locked=&#8221;off&#8221; global_colors_info=&#8221;{}&#8221;]<\/p>\n<p class=\"x_MsoNormal\">Javier Ferreiros L\u00f3pez, Universidad Polit\u00e9cnica de Madrid, Spain<br \/>Luis Hern\u00e1ndez G\u00f3mez, Universidad Polit\u00e9cnica de Madrid, Spain<br \/>Ascensi\u00f3n Gallardo Antol\u00edn, Universidad Carlos III de Madrid, Spain<br \/>Juan Ignacio Godino Llorente, Universidad Polit\u00e9cnica de Madrid, Spain<br \/><span data-teams=\"true\">Laura Doc\u00edo Fern\u00e1ndez, Universidad de Vigo, Spain<br \/>Jos\u00e9 Andr\u00e9s Gonz\u00e1lez L\u00f3pez, Universidad de Granada, Spain<\/span><\/p>\n<p>[\/et_pb_toggle][et_pb_toggle title=&#8221;CHALLENGES Committee&#8221; open=&#8221;on&#8221; toggle_icon=&#8221;&#x43;||divi||400&#8243; _builder_version=&#8221;4.24.2&#8243; _module_preset=&#8221;default&#8221; title_level=&#8221;h2&#8243; title_font=&#8221;|||on|||||&#8221; body_font_size=&#8221;15px&#8221; custom_margin=&#8221;||30px|||&#8221; global_colors_info=&#8221;{}&#8221;]<\/p>\n<p class=\"x_MsoNormal\">Luis Javier Rodr\u00edguez-Fuentes, Universidad del Pa\u00eds Vasco, Spain<br \/>Javier Tejedor Noguerales, Universidad San Pablo CEU, Spain<\/p>\n<div id=\"gsc_prf_inw\">\n<div id=\"gsc_prf_in\">Mar\u00eda del Carmen Magari\u00f1os Iglesias, <span style=\"font-size: 15px;\">Universidad de Santiago de Compostela, Spain<\/span><\/div>\n<\/div>\n<p>[\/et_pb_toggle][et_pb_toggle title=&#8221;Local Committee&#8221; open=&#8221;on&#8221; toggle_icon=&#8221;&#x43;||divi||400&#8243; _builder_version=&#8221;4.24.2&#8243; _module_preset=&#8221;default&#8221; title_level=&#8221;h2&#8243; title_font=&#8221;|||on|||||&#8221; body_font_size=&#8221;15px&#8221; custom_margin=&#8221;||30px|||&#8221; global_colors_info=&#8221;{}&#8221;]<\/p>\n<p>Jos\u00e9 Manuel Pardo Mu\u00f1oz, Universidad Polit\u00e9cnica de Madrid, Spain, General Chair<br \/>Javier Ferreiros L\u00f3pez, Universidad Polit\u00e9cnica de Madrid, Spain, Scientific Program<br \/>Ricardo de C\u00f3rdoba Herralde, Universidad Polit\u00e9cnica de Madrid, Spain, Social Events<br \/>Rub\u00e9n San Segundo Hern\u00e1ndez, Universidad Polit\u00e9cnica de Madrid, Spain, <span>Sponsorships<\/span><br \/>Juan Manuel Montero Mart\u00ednez, Universidad Polit\u00e9cnica de Madrid, Spain, <span>Accountant<\/span><br \/>Fernando Fern\u00e1ndez Mart\u00ednez, Universidad Polit\u00e9cnica de Madrid, Spain, Web<br \/>Luis Fernando D&#8217;Haro Enr\u00edquez, Universidad Polit\u00e9cnica de Madrid, Spain, <span>Publications<\/span><br \/>Manuel Gil Mart\u00edn, Universidad Polit\u00e9cnica de Madrid, Spain, <span>Marketing<\/span><br \/><span data-teams=\"true\">Jos\u00e9 Luis Blanco Murillo, Universidad Polit\u00e9cnica de Madrid, Spain, Marketing<br \/>Iv\u00e1n Mart\u00edn-Fern\u00e1ndez, Universidad Polit\u00e9cnica de Madrid, Spain, Multimedia &amp; Students Collaborators<br \/>Sergio Esteban-Romero, Universidad Polit\u00e9cnica de Madrid, Spain, Multimedia &amp; Students Collaborators<\/span><\/p>\n<p>[\/et_pb_toggle][et_pb_toggle title=&#8221;SCIENTIFIC Committee&#8221; open=&#8221;on&#8221; toggle_icon=&#8221;&#x43;||divi||400&#8243; _builder_version=&#8221;4.27.4&#8243; _module_preset=&#8221;default&#8221; title_level=&#8221;h2&#8243; title_font=&#8221;|||on|||||&#8221; body_font_size=&#8221;15px&#8221; custom_margin=&#8221;||30px|||&#8221; global_colors_info=&#8221;{}&#8221;]<\/p>\n<p>Aitor Alvarez, Vicomtech, Spain<br \/>Alberto Abad, INESC-ID\/IST, Portugal<br \/>Alberto Simoes, Instituto Polit\u00e9cnico do C\u00e1vado e do Ave, Portugal<br \/>Alfonso Ortega, Universidad de Zaragoza, Spain<br \/>Alicia Lozano-Diez, Universidad Aut\u00f3noma de Madrid, Spain<br \/>Andrej Zgank, University of Maribor, Slovenia<br \/>Angel M. Gomez, University of Granada, Spain<br \/>Antonio Miguel, University of Zaragoza, Spain<br \/>Antonio M. Peinado, University of Granada, Spain<br \/>Ant\u00f3nio Teixeira, Universidade de Aveiro (DETI, IEETA, LASI), Portugal<br \/>Arantza del Pozo, Vicomtech, Spain<br \/>Ascensi\u00f3n Gallardo-Antol\u00edn, Universidad Carlos III de Madrid, Spain<br \/>Bernardo Marques, University of Aveiro (IEETA, DETI, LASI), Portugal<br \/>Carlos D. Mart\u00ednez-Hinarejos, Universitat Polit\u00e8cnica de Val\u00e8ncia, Spain<br \/>Catarina Oliveira, University of Aveiro, Portugal<br \/>C\u00e9sar Gonz\u00e1lez-Ferreras, Universidad de Valladolid, Spain<br \/>Cristian Tejedor-Garcia, Radboud University Nijmegen, Netherlands<br \/>David Griol, University of Granada, Spain<br \/>Diana M Santos, University of Oslo (ILOS, UiO), Norway<br \/>Doroteo T. Toledano, Universidad Aut\u00f3noma de Madrid, Spain<br \/>Eduardo Lleida Solano, University of Zaragoza, Spain<br \/>Emilio Sanchis, Universitat Polit\u00e8cnica de Val\u00e8ncia, Spain<br \/>Eva Navas, University of the Basque Country (UPV\/EHU), Spain<br \/>Fernando Batista, INESC-ID and ISCTE-IUL, Portugal<br \/>Fernando Fern\u00e1ndez Mart\u00ednez, Universidad Polit\u00e9cnica de Madrid, Spain<br \/>Fernando Garcia-Granada, Universitat Polit\u00e8cnica de Val\u00e8ncia, Spain<br \/>Francesc Al\u00edas-Pujol, La Salle \u2013 Universitat Ramon Llull, Spain<br \/>George P. Kafentzis, University of Crete, Greece<br \/>Inma Hernaez-Rioja, University of the Basque Country (UPV\/EHU), Spain<br \/>Isabel Trancoso, INESC-ID, Portugal<br \/>Javier Ferreiros, Universidad Polit\u00e9cnica de Madrid (UPM), Spain<br \/>Javier Hernando, Universitat Polit\u00e8cnica de Catalunya, Spain<br \/>Javier Tejedor, Universidad CEU San Pablo, Spain<br \/>Jon Sanchez de la Fuente, HiTZ Center \u2013 Aholab, University of the Basque Country (UPV\/EHU), Spain<br \/>Jorge Baptista, Universidade do Algarve, Portugal<br \/>Jose A Gonzalez-Lopez, University of Granada, Spain<br \/>Jose L. Perez-Cordoba, University of Granada, Spain<br \/>Laura Docio-Fernandez, Universidade de Vigo, Spain<br \/>Liliana Ferreira, Fraunhofer Portugal, Portugal<br \/>Luciana Patr\u00edcia Albuquerque, University of Aveiro, Portugal<br \/>Luis Javier Rodriguez-Fuentes, University of the Basque Country (UPV\/EHU), Spain<br \/>Maria In\u00e9s Torres, Universidad del Pa\u00eds Vasco (UPV\/EHU), Spain<br \/>Maria Jose Castro-Bleda, Universitat Polit\u00e8cnica de Val\u00e8ncia, Spain<br \/>Michael Wand, IDSIA USI-SUPSI, Switzerland<br \/>Mireia Farr\u00fas, Universitat de Barcelona, Spain<br \/>Nuno Almeida, Universidade de Aveiro (DETI, IEETA, LASI), Portugal<br \/>Omid Ghahabi, EML Speech Technology GmbH, Germany<br \/>Paulo Quaresma, University of \u00c9vora, Portugal<br \/>Plinio A Barbosa, UNICAMP, Brazil<br \/>Ricardo de C\u00f3rdoba, Universidad Polit\u00e9cnica de Madrid, Spain<br \/>Rub\u00e9n San-Segundo Hern\u00e1ndez, Universidad Polit\u00e9cnica de Madrid, Spain<br \/>Rub\u00e9n Solera-Ure\u00f1a, INESC-ID Lisboa, Portugal<br \/>Xavier Anguera, <span data-teams=\"true\">Babbel<\/span>, Lisboa, Portugal<\/p>\n<p>[\/et_pb_toggle][\/et_pb_column][\/et_pb_row][\/et_pb_section][et_pb_section fb_built=&#8221;1&#8243; _builder_version=&#8221;4.27.4&#8243; _module_preset=&#8221;default&#8221; global_colors_info=&#8221;{}&#8221;][\/et_pb_section]<\/p>\n","protected":false},"excerpt":{"rendered":"<p>Committees&nbsp; Jos\u00e9 Manuel Pardo Mu\u00f1ozUniversidad Polit\u00e9cnica de Madrid, Spain &nbsp;&nbsp; Inma Hern\u00e1ez RiojaUniversidad del Pa\u00eds Vasco, Spain &nbsp;&nbsp; Eduardo Lleida SolanoUniversidad de Zaragoza, Spain &nbsp;&nbsp; Dayana RibasSONOC, Lead Scientist at BTS Group, Zaragoza, Spain &nbsp;GOLD SPONSORJavier Ferreiros L\u00f3pez, Universidad Polit\u00e9cnica de Madrid, SpainLuis Hern\u00e1ndez G\u00f3mez, Universidad Polit\u00e9cnica de Madrid, SpainAscensi\u00f3n Gallardo Antol\u00edn, Universidad Carlos III [&hellip;]<\/p>\n","protected":false},"author":4,"featured_media":0,"parent":0,"menu_order":0,"comment_status":"closed","ping_status":"closed","template":"","meta":{"_et_pb_use_builder":"on","_et_pb_old_content":"","_et_gb_content_width":"","footnotes":""},"class_list":["post-139","page","type-page","status-publish","hentry"],"yoast_head":"<!-- This site is optimized with the Yoast SEO plugin v27.0 - https:\/\/yoast.com\/product\/yoast-seo-wordpress\/ -->\n<title>COMMITTEES - Iberspeech<\/title>\n<meta name=\"robots\" content=\"index, follow, max-snippet:-1, max-image-preview:large, max-video-preview:-1\" \/>\n<link rel=\"canonical\" href=\"https:\/\/iberspeech.tech\/2026\/committees\/\" \/>\n<meta property=\"og:locale\" content=\"en_US\" \/>\n<meta property=\"og:type\" content=\"article\" \/>\n<meta property=\"og:title\" content=\"COMMITTEES - Iberspeech\" \/>\n<meta property=\"og:description\" content=\"Committees&nbsp; Jos\u00e9 Manuel Pardo Mu\u00f1ozUniversidad Polit\u00e9cnica de Madrid, Spain &nbsp;&nbsp; Inma Hern\u00e1ez RiojaUniversidad del Pa\u00eds Vasco, Spain &nbsp;&nbsp; Eduardo Lleida SolanoUniversidad de Zaragoza, Spain &nbsp;&nbsp; Dayana RibasSONOC, Lead Scientist at BTS Group, Zaragoza, Spain &nbsp;GOLD SPONSORJavier Ferreiros L\u00f3pez, Universidad Polit\u00e9cnica de Madrid, SpainLuis Hern\u00e1ndez G\u00f3mez, Universidad Polit\u00e9cnica de Madrid, SpainAscensi\u00f3n Gallardo Antol\u00edn, Universidad Carlos III [&hellip;]\" \/>\n<meta property=\"og:url\" content=\"https:\/\/iberspeech.tech\/2026\/committees\/\" \/>\n<meta property=\"og:site_name\" content=\"Iberspeech\" \/>\n<meta property=\"article:modified_time\" content=\"2026-02-26T21:26:15+00:00\" \/>\n<meta property=\"og:image\" content=\"https:\/\/iberspeech.tech\/2026\/wp-content\/uploads\/2025\/12\/JMP.png\" \/>\n\t<meta property=\"og:image:width\" content=\"1355\" \/>\n\t<meta property=\"og:image:height\" content=\"1355\" \/>\n\t<meta property=\"og:image:type\" content=\"image\/png\" \/>\n<meta name=\"twitter:card\" content=\"summary_large_image\" \/>\n<meta name=\"twitter:label1\" content=\"Est. reading time\" \/>\n\t<meta name=\"twitter:data1\" content=\"6 minutes\" \/>\n<script type=\"application\/ld+json\" class=\"yoast-schema-graph\">{\"@context\":\"https:\/\/schema.org\",\"@graph\":[{\"@type\":\"WebPage\",\"@id\":\"https:\/\/iberspeech.tech\/2026\/committees\/\",\"url\":\"https:\/\/iberspeech.tech\/2026\/committees\/\",\"name\":\"COMMITTEES - Iberspeech\",\"isPartOf\":{\"@id\":\"https:\/\/iberspeech.tech\/2026\/#website\"},\"primaryImageOfPage\":{\"@id\":\"https:\/\/iberspeech.tech\/2026\/committees\/#primaryimage\"},\"image\":{\"@id\":\"https:\/\/iberspeech.tech\/2026\/committees\/#primaryimage\"},\"thumbnailUrl\":\"https:\/\/iberspeech.tech\/2026\/wp-content\/uploads\/2025\/12\/JMP-300x300.png\",\"datePublished\":\"2024-03-06T22:09:30+00:00\",\"dateModified\":\"2026-02-26T21:26:15+00:00\",\"breadcrumb\":{\"@id\":\"https:\/\/iberspeech.tech\/2026\/committees\/#breadcrumb\"},\"inLanguage\":\"en-US\",\"potentialAction\":[{\"@type\":\"ReadAction\",\"target\":[\"https:\/\/iberspeech.tech\/2026\/committees\/\"]}]},{\"@type\":\"ImageObject\",\"inLanguage\":\"en-US\",\"@id\":\"https:\/\/iberspeech.tech\/2026\/committees\/#primaryimage\",\"url\":\"https:\/\/iberspeech.tech\/2026\/wp-content\/uploads\/2025\/12\/JMP.png\",\"contentUrl\":\"https:\/\/iberspeech.tech\/2026\/wp-content\/uploads\/2025\/12\/JMP.png\",\"width\":1355,\"height\":1355},{\"@type\":\"BreadcrumbList\",\"@id\":\"https:\/\/iberspeech.tech\/2026\/committees\/#breadcrumb\",\"itemListElement\":[{\"@type\":\"ListItem\",\"position\":1,\"name\":\"Home\",\"item\":\"https:\/\/iberspeech.tech\/2026\/\"},{\"@type\":\"ListItem\",\"position\":2,\"name\":\"COMMITTEES\"}]},{\"@type\":\"WebSite\",\"@id\":\"https:\/\/iberspeech.tech\/2026\/#website\",\"url\":\"https:\/\/iberspeech.tech\/2026\/\",\"name\":\"Iberspeech\",\"description\":\"\",\"potentialAction\":[{\"@type\":\"SearchAction\",\"target\":{\"@type\":\"EntryPoint\",\"urlTemplate\":\"https:\/\/iberspeech.tech\/2026\/?s={search_term_string}\"},\"query-input\":{\"@type\":\"PropertyValueSpecification\",\"valueRequired\":true,\"valueName\":\"search_term_string\"}}],\"inLanguage\":\"en-US\"}]}<\/script>\n<!-- \/ Yoast SEO plugin. -->","yoast_head_json":{"title":"COMMITTEES - Iberspeech","robots":{"index":"index","follow":"follow","max-snippet":"max-snippet:-1","max-image-preview":"max-image-preview:large","max-video-preview":"max-video-preview:-1"},"canonical":"https:\/\/iberspeech.tech\/2026\/committees\/","og_locale":"en_US","og_type":"article","og_title":"COMMITTEES - Iberspeech","og_description":"Committees&nbsp; Jos\u00e9 Manuel Pardo Mu\u00f1ozUniversidad Polit\u00e9cnica de Madrid, Spain &nbsp;&nbsp; Inma Hern\u00e1ez RiojaUniversidad del Pa\u00eds Vasco, Spain &nbsp;&nbsp; Eduardo Lleida SolanoUniversidad de Zaragoza, Spain &nbsp;&nbsp; Dayana RibasSONOC, Lead Scientist at BTS Group, Zaragoza, Spain &nbsp;GOLD SPONSORJavier Ferreiros L\u00f3pez, Universidad Polit\u00e9cnica de Madrid, SpainLuis Hern\u00e1ndez G\u00f3mez, Universidad Polit\u00e9cnica de Madrid, SpainAscensi\u00f3n Gallardo Antol\u00edn, Universidad Carlos III [&hellip;]","og_url":"https:\/\/iberspeech.tech\/2026\/committees\/","og_site_name":"Iberspeech","article_modified_time":"2026-02-26T21:26:15+00:00","og_image":[{"width":1355,"height":1355,"url":"https:\/\/iberspeech.tech\/2026\/wp-content\/uploads\/2025\/12\/JMP.png","type":"image\/png"}],"twitter_card":"summary_large_image","twitter_misc":{"Est. reading time":"6 minutes"},"schema":{"@context":"https:\/\/schema.org","@graph":[{"@type":"WebPage","@id":"https:\/\/iberspeech.tech\/2026\/committees\/","url":"https:\/\/iberspeech.tech\/2026\/committees\/","name":"COMMITTEES - Iberspeech","isPartOf":{"@id":"https:\/\/iberspeech.tech\/2026\/#website"},"primaryImageOfPage":{"@id":"https:\/\/iberspeech.tech\/2026\/committees\/#primaryimage"},"image":{"@id":"https:\/\/iberspeech.tech\/2026\/committees\/#primaryimage"},"thumbnailUrl":"https:\/\/iberspeech.tech\/2026\/wp-content\/uploads\/2025\/12\/JMP-300x300.png","datePublished":"2024-03-06T22:09:30+00:00","dateModified":"2026-02-26T21:26:15+00:00","breadcrumb":{"@id":"https:\/\/iberspeech.tech\/2026\/committees\/#breadcrumb"},"inLanguage":"en-US","potentialAction":[{"@type":"ReadAction","target":["https:\/\/iberspeech.tech\/2026\/committees\/"]}]},{"@type":"ImageObject","inLanguage":"en-US","@id":"https:\/\/iberspeech.tech\/2026\/committees\/#primaryimage","url":"https:\/\/iberspeech.tech\/2026\/wp-content\/uploads\/2025\/12\/JMP.png","contentUrl":"https:\/\/iberspeech.tech\/2026\/wp-content\/uploads\/2025\/12\/JMP.png","width":1355,"height":1355},{"@type":"BreadcrumbList","@id":"https:\/\/iberspeech.tech\/2026\/committees\/#breadcrumb","itemListElement":[{"@type":"ListItem","position":1,"name":"Home","item":"https:\/\/iberspeech.tech\/2026\/"},{"@type":"ListItem","position":2,"name":"COMMITTEES"}]},{"@type":"WebSite","@id":"https:\/\/iberspeech.tech\/2026\/#website","url":"https:\/\/iberspeech.tech\/2026\/","name":"Iberspeech","description":"","potentialAction":[{"@type":"SearchAction","target":{"@type":"EntryPoint","urlTemplate":"https:\/\/iberspeech.tech\/2026\/?s={search_term_string}"},"query-input":{"@type":"PropertyValueSpecification","valueRequired":true,"valueName":"search_term_string"}}],"inLanguage":"en-US"}]}},"_links":{"self":[{"href":"https:\/\/iberspeech.tech\/2026\/wp-json\/wp\/v2\/pages\/139","targetHints":{"allow":["GET"]}}],"collection":[{"href":"https:\/\/iberspeech.tech\/2026\/wp-json\/wp\/v2\/pages"}],"about":[{"href":"https:\/\/iberspeech.tech\/2026\/wp-json\/wp\/v2\/types\/page"}],"author":[{"embeddable":true,"href":"https:\/\/iberspeech.tech\/2026\/wp-json\/wp\/v2\/users\/4"}],"replies":[{"embeddable":true,"href":"https:\/\/iberspeech.tech\/2026\/wp-json\/wp\/v2\/comments?post=139"}],"version-history":[{"count":29,"href":"https:\/\/iberspeech.tech\/2026\/wp-json\/wp\/v2\/pages\/139\/revisions"}],"predecessor-version":[{"id":1636,"href":"https:\/\/iberspeech.tech\/2026\/wp-json\/wp\/v2\/pages\/139\/revisions\/1636"}],"wp:attachment":[{"href":"https:\/\/iberspeech.tech\/2026\/wp-json\/wp\/v2\/media?parent=139"}],"curies":[{"name":"wp","href":"https:\/\/api.w.org\/{rel}","templated":true}]}}